{"id":1131,"date":"2022-08-04T15:19:45","date_gmt":"2022-08-04T13:19:45","guid":{"rendered":"https:\/\/tuerk-hillinger.hu\/about-us\/"},"modified":"2022-08-05T11:30:51","modified_gmt":"2022-08-05T09:30:51","slug":"about-us","status":"publish","type":"page","link":"https:\/\/tuerk-hillinger.hu\/en\/about-us\/","title":{"rendered":"About us"},"content":{"rendered":"\t\t<div data-elementor-type=\"wp-page\" data-elementor-id=\"1131\" class=\"elementor elementor-1131 elementor-390\" data-elementor-post-type=\"page\">\n\t\t\t\t\t\t<section class=\"elementor-section elementor-top-section elementor-element elementor-element-072ee62 elementor-section-height-min-height elementor-section-items-stretch elementor-section-full_width elementor-section-height-default\" data-id=\"072ee62\" data-element_type=\"section\" data-e-type=\"section\" data-settings=\"{&quot;background_background&quot;:&quot;classic&quot;}\">\n\t\t\t\t\t\t<div class=\"elementor-container elementor-column-gap-no\">\n\t\t\t\t\t<div class=\"elementor-column elementor-col-50 elementor-top-column elementor-element elementor-element-c07ef61\" data-id=\"c07ef61\" data-element_type=\"column\" data-e-type=\"column\">\n\t\t\t<div class=\"elementor-widget-wrap elementor-element-populated\">\n\t\t\t\t\t\t<div class=\"elementor-element elementor-element-ca51e5e elementor-widget-divider--view-line_text elementor-widget-divider--element-align-left elementor-widget elementor-widget-divider\" data-id=\"ca51e5e\" data-element_type=\"widget\" data-e-type=\"widget\" data-widget_type=\"divider.default\">\n\t\t\t\t<div class=\"elementor-widget-container\">\n\t\t\t\t\t\t\t<div class=\"elementor-divider\">\n\t\t\t<span class=\"elementor-divider-separator\">\n\t\t\t\t\t\t\t<span class=\"elementor-divider__text elementor-divider__element\">\n\t\t\t\tABOUT US\t\t\t\t<\/span>\n\t\t\t\t\t\t<\/span>\n\t\t<\/div>\n\t\t\t\t\t\t<\/div>\n\t\t\t\t<\/div>\n\t\t\t\t<div class=\"elementor-element elementor-element-9112b69 elementor-widget__width-auto elementor-widget elementor-widget-text-editor\" data-id=\"9112b69\" data-element_type=\"widget\" data-e-type=\"widget\" data-widget_type=\"text-editor.default\">\n\t\t\t\t<div class=\"elementor-widget-container\">\n\t\t\t\t\t\t\t\t\t<p>Our company was founded in 1994 for the production of industrial heating elements and wire harnasses.<\/p><p>The 100% German-owned company is named after its founders Adolf T\u00fcrk and Erich Hillinger. The corporate group founded in 1963 has been successfully operating in the field of electric heating. <\/p><p class=\"rtejustify\">Since the beginning, our company has been developing steadily and dynamically, keeping pace with the development of technology.<\/p><p class=\"rtejustify\">In recent years, several major innovative investments have been made at the K\u00e1l site, which have made it possible to manufacture new products. Today, a state-of-the-art production facility of nearly 1200 m2 in K\u00e1l and 600 m2 in Eger, with a total of more than 100 highly skilled employees, is used to manufacture state-of-the-art products in a 21st century production area.  <\/p><p class=\"rtejustify\">Our products can be found in almost all fields of industry, such as automotive, pharmaceuticals, plastics and chemicals, printing, household appliances, etc.<\/p><p class=\"rtejustify\">Our aim is to meet the ever-changing needs of our customers in the best possible way, thus strengthening the confidence of our existing and new customers.<\/p>\t\t\t\t\t\t\t\t<\/div>\n\t\t\t\t<\/div>\n\t\t\t\t<div class=\"elementor-element elementor-element-a866c0b elementor-widget elementor-widget-image\" data-id=\"a866c0b\" data-element_type=\"widget\" data-e-type=\"widget\" data-widget_type=\"image.default\">\n\t\t\t\t<div class=\"elementor-widget-container\">\n\t\t\t\t\t\t\t\t\t\t\t\t\t\t\t<img fetchpriority=\"high\" decoding=\"async\" width=\"961\" height=\"706\" src=\"https:\/\/tuerk-hillinger.hu\/wp-content\/uploads\/2021\/10\/legifoto.jpg\" class=\"attachment-full size-full wp-image-1046\" alt=\"\" srcset=\"https:\/\/tuerk-hillinger.hu\/wp-content\/uploads\/2021\/10\/legifoto.jpg 961w, https:\/\/tuerk-hillinger.hu\/wp-content\/uploads\/2021\/10\/legifoto-300x220.jpg 300w, https:\/\/tuerk-hillinger.hu\/wp-content\/uploads\/2021\/10\/legifoto-768x564.jpg 768w\" sizes=\"(max-width: 961px) 100vw, 961px\" \/>\t\t\t\t\t\t\t\t\t\t\t\t\t\t\t<\/div>\n\t\t\t\t<\/div>\n\t\t\t\t\t<\/div>\n\t\t<\/div>\n\t\t\t\t<div class=\"elementor-column elementor-col-50 elementor-top-column elementor-element elementor-element-87c8400\" data-id=\"87c8400\" data-element_type=\"column\" data-e-type=\"column\">\n\t\t\t<div class=\"elementor-widget-wrap elementor-element-populated\">\n\t\t\t\t\t\t<div class=\"elementor-element elementor-element-0a2e0f8 elementor-widget-divider--view-line_text elementor-widget-divider--element-align-left elementor-widget elementor-widget-divider\" data-id=\"0a2e0f8\" data-element_type=\"widget\" data-e-type=\"widget\" data-widget_type=\"divider.default\">\n\t\t\t\t<div class=\"elementor-widget-container\">\n\t\t\t\t\t\t\t<div class=\"elementor-divider\">\n\t\t\t<span class=\"elementor-divider-separator\">\n\t\t\t\t\t\t\t<span class=\"elementor-divider__text elementor-divider__element\">\n\t\t\t\tTENDER\t\t\t\t<\/span>\n\t\t\t\t\t\t<\/span>\n\t\t<\/div>\n\t\t\t\t\t\t<\/div>\n\t\t\t\t<\/div>\n\t\t\t\t<div class=\"elementor-element elementor-element-513abd4 elementor-widget elementor-widget-image\" data-id=\"513abd4\" data-element_type=\"widget\" data-e-type=\"widget\" data-widget_type=\"image.default\">\n\t\t\t\t<div class=\"elementor-widget-container\">\n\t\t\t\t\t\t\t\t\t\t\t\t\t\t\t<img decoding=\"async\" width=\"656\" height=\"452\" src=\"https:\/\/tuerk-hillinger.hu\/wp-content\/uploads\/2021\/10\/GINOP-6.1.5-17-2018-00010.jpg\" class=\"attachment-full size-full wp-image-1028\" alt=\"\" srcset=\"https:\/\/tuerk-hillinger.hu\/wp-content\/uploads\/2021\/10\/GINOP-6.1.5-17-2018-00010.jpg 656w, https:\/\/tuerk-hillinger.hu\/wp-content\/uploads\/2021\/10\/GINOP-6.1.5-17-2018-00010-300x207.jpg 300w\" sizes=\"(max-width: 656px) 100vw, 656px\" \/>\t\t\t\t\t\t\t\t\t\t\t\t\t\t\t<\/div>\n\t\t\t\t<\/div>\n\t\t\t\t<div class=\"elementor-element elementor-element-df4c70b elementor-widget elementor-widget-spacer\" data-id=\"df4c70b\" data-element_type=\"widget\" data-e-type=\"widget\" data-widget_type=\"spacer.default\">\n\t\t\t\t<div class=\"elementor-widget-container\">\n\t\t\t\t\t\t\t<div class=\"elementor-spacer\">\n\t\t\t<div class=\"elementor-spacer-inner\"><\/div>\n\t\t<\/div>\n\t\t\t\t\t\t<\/div>\n\t\t\t\t<\/div>\n\t\t\t\t<div class=\"elementor-element elementor-element-16e05e4 elementor-widget__width-auto elementor-widget elementor-widget-text-editor\" data-id=\"16e05e4\" data-element_type=\"widget\" data-e-type=\"widget\" data-widget_type=\"text-editor.default\">\n\t\t\t\t<div class=\"elementor-widget-container\">\n\t\t\t\t\t\t\t\t\t<p><strong>Beneficiary&#8217;s name:<\/strong> T\u00dcRK+HILLINGER HUNG\u00c1RIA ELEKTROMOS F\u0170T\u00c9STECHNIKAI KFT.<\/p><p><strong>Project Title:<\/strong> On-the-job training at T\u00fcrk+Hillinger Hungaria Kft.<\/p><p><strong>Contracted amount of aid:<\/strong> HUF 43.83 million<\/p><p><strong>Aid intensity:<\/strong> 100%<\/p><p><strong>Project content:<\/strong> 9 training courses will be carried out in the course of the GINOP-6.1.5-17-2018-00010 project, training 66 own and 10 external employees. The project will develop the skills of the employees for cooperation and teamwork, which will increase the efficiency of the individual and the community. By learning stress management techniques, physical and mental problems can be eliminated, while at the same time workplace efficiency can be increased.  <br>Another aim of the project is to ensure that employees, regardless of their position or qualifications, can develop themselves through the training. Personal productivity means increased productivity and effectiveness for the whole company. <br>Together, well-trained employees are the key to success.<\/p><p><strong>Projected completion date (actual completion if achieved):<\/strong> 30.11.2020.<\/p><p><strong>Project ID:<\/strong> GINOP-6.1.5-17-2018-00010<\/p>\t\t\t\t\t\t\t\t<\/div>\n\t\t\t\t<\/div>\n\t\t\t\t\t<\/div>\n\t\t<\/div>\n\t\t\t\t\t<\/div>\n\t\t<\/section>\n\t\t\t\t<\/div>\n\t\t","protected":false},"excerpt":{"rendered":"<p>ABOUT US Our company was founded in 1994 for the production of industrial heating elements and wire harnasses. The 100% German-owned company is named after its founders Adolf T\u00fcrk and Erich Hillinger. The corporate group founded in 1963 has been successfully operating in the field of electric heating. Since the beginning, our company has been [&hellip;]<\/p>\n","protected":false},"author":1,"featured_media":0,"parent":0,"menu_order":0,"comment_status":"closed","ping_status":"closed","template":"elementor_header_footer","meta":{"footnotes":""},"class_list":["post-1131","page","type-page","status-publish","hentry"],"aioseo_notices":[],"_links":{"self":[{"href":"https:\/\/tuerk-hillinger.hu\/en\/wp-json\/wp\/v2\/pages\/1131","targetHints":{"allow":["GET"]}}],"collection":[{"href":"https:\/\/tuerk-hillinger.hu\/en\/wp-json\/wp\/v2\/pages"}],"about":[{"href":"https:\/\/tuerk-hillinger.hu\/en\/wp-json\/wp\/v2\/types\/page"}],"author":[{"embeddable":true,"href":"https:\/\/tuerk-hillinger.hu\/en\/wp-json\/wp\/v2\/users\/1"}],"replies":[{"embeddable":true,"href":"https:\/\/tuerk-hillinger.hu\/en\/wp-json\/wp\/v2\/comments?post=1131"}],"version-history":[{"count":4,"href":"https:\/\/tuerk-hillinger.hu\/en\/wp-json\/wp\/v2\/pages\/1131\/revisions"}],"predecessor-version":[{"id":1243,"href":"https:\/\/tuerk-hillinger.hu\/en\/wp-json\/wp\/v2\/pages\/1131\/revisions\/1243"}],"wp:attachment":[{"href":"https:\/\/tuerk-hillinger.hu\/en\/wp-json\/wp\/v2\/media?parent=1131"}],"curies":[{"name":"wp","href":"https:\/\/api.w.org\/{rel}","templated":true}]}}